{"id":1029,"date":"2024-10-30T22:53:07","date_gmt":"2024-10-31T01:53:07","guid":{"rendered":"https:\/\/costaofertasuy.com\/?post_type=product&#038;p=1029"},"modified":"2026-04-15T08:13:27","modified_gmt":"2026-04-15T11:13:27","slug":"kit-herramienta-powertools-taladro-21v-10-mm-brushless-maletin-2-baterias","status":"publish","type":"product","link":"https:\/\/costaofertasuy.com\/index.php\/product\/kit-herramienta-powertools-taladro-21v-10-mm-brushless-maletin-2-baterias\/","title":{"rendered":"Kit Herramienta Powertools Taladro 21v 10 mm Brushless Malet\u00edn 2 Bater\u00edas"},"content":{"rendered":"<p>Taladro Atornillador Inal\u00e1mbrico Brushless con Malet\u00edn y Accesorios<\/p>\n<p>Este taladro atornillador es la herramienta perfecta para quienes buscan una soluci\u00f3n practica. Equipado con un motor Brushless y dos bater\u00edas de 21V 2Ah, podr\u00e1s disfrutar de mayor eficiencia y durabilidad sin depender de cables. Su funci\u00f3n percutor (martillo) te permitir\u00e1 perforar concreto, mientras que su mandril de metal de 10mm garantiza una sujeci\u00f3n segura para diferentes tipos de mechas.<\/p>\n<p>Con 20 posiciones de torque, dos velocidades mec\u00e1nicas y un gatillo de velocidad variable, tendr\u00e1s el control total en cada tarea, ya sea atornillar o perforar. Adem\u00e1s, incluye funci\u00f3n de reversa para desatornillar con facilidad.<\/p>\n<p>Caracter\u00edsticas principales:<\/p>\n<p>-Motor Brushless para mayor vida \u00fatil.<\/p>\n<p>-2 velocidades mec\u00e1nicas (0-350\/0-1450 rpm) y torque m\u00e1ximo de 50 N.m.<\/p>\n<p>-Frecuencia de impacto: 0-30,000 bpm para trabajos m\u00e1s exigentes.<\/p>\n<p>-Percutor (martillo) para perforar en superficies duras.<\/p>\n<p>-2 bater\u00edas de 21V 2Ah con cargador r\u00e1pido.<\/p>\n<p>\u00a1Todo lo que necesitas para tus proyectos en un solo lugar! No te lo pierdas!<\/p>\n<p>Accesorios incluidos en el malet\u00edn:<\/p>\n<p>-Adaptador flexible.<\/p>\n<p>-Tubos de 4 a 12mm.<\/p>\n<p>-Puntas de destornillador Philips y paleta.<\/p>\n<p>-Mechas de hierro y madera.<\/p>\n<p>-Destornilladores y porta puntas.<\/p>\n<p>-Busca polo.<\/p>\n<p>-Cinta m\u00e9trica de 3 metros.<\/p>\n<p>-Cinta aislante.<\/p>\n<p>-Pinza punta fina.<\/p>\n<p>-Trincheta.<\/p>\n","protected":false},"excerpt":{"rendered":"<p>Kit Herramientas Taladro 21v 10 mm<\/p>\n","protected":false},"featured_media":1033,"template":"","meta":{"site-sidebar-layout":"default","site-content-layout":"","ast-site-content-layout":"default","site-content-style":"default","site-sidebar-style":"default","ast-global-header-display":"","ast-banner-title-visibility":"","ast-main-header-display":"","ast-hfb-above-header-display":"","ast-hfb-below-header-display":"","ast-hfb-mobile-header-display":"","site-post-title":"","ast-breadcrumbs-content":"","ast-featured-img":"","footer-sml-layout":"","theme-transparent-header-meta":"default","adv-header-id-meta":"","stick-header-meta":"","header-above-stick-meta":"","header-main-stick-meta":"","header-below-stick-meta":"","astra-migrate-meta-layouts":"set","ast-page-background-enabled":"default","ast-page-background-meta":{"desktop":{"background-color":"var(--ast-global-color-4)","background-image":"","background-repeat":"repeat","background-position":"center center","background-size":"auto","background-attachment":"scroll","background-type":"","background-media":"","overlay-type":"","overlay-color":"","overlay-opacity":"","overlay-gradient":""},"tablet":{"background-color":"","background-image":"","background-repeat":"repeat","background-position":"center center","background-size":"auto","background-attachment":"scroll","background-type":"","background-media":"","overlay-type":"","overlay-color":"","overlay-opacity":"","overlay-gradient":""},"mobile":{"background-color":"","background-image":"","background-repeat":"repeat","background-position":"center center","background-size":"auto","background-attachment":"scroll","background-type":"","background-media":"","overlay-type":"","overlay-color":"","overlay-opacity":"","overlay-gradient":""}},"ast-content-background-meta":{"desktop":{"background-color":"var(--ast-global-color-5)","background-image":"","background-repeat":"repeat","background-position":"center center","background-size":"auto","background-attachment":"scroll","background-type":"","background-media":"","overlay-type":"","overlay-color":"","overlay-opacity":"","overlay-gradient":""},"tablet":{"background-color":"var(--ast-global-color-5)","background-image":"","background-repeat":"repeat","background-position":"center center","background-size":"auto","background-attachment":"scroll","background-type":"","background-media":"","overlay-type":"","overlay-color":"","overlay-opacity":"","overlay-gradient":""},"mobile":{"background-color":"var(--ast-global-color-5)","background-image":"","background-repeat":"repeat","background-position":"center center","background-size":"auto","background-attachment":"scroll","background-type":"","background-media":"","overlay-type":"","overlay-color":"","overlay-opacity":"","overlay-gradient":""}},"_joinchat":[]},"product_brand":[],"product_cat":[23,33],"product_tag":[],"class_list":{"0":"post-1029","1":"product","2":"type-product","3":"status-publish","4":"has-post-thumbnail","6":"product_cat-herramientas","7":"product_cat-power-tools","8":"desktop-align-left","9":"tablet-align-left","10":"mobile-align-left","12":"first","13":"instock","14":"sale","15":"taxable","16":"shipping-taxable","17":"purchasable","18":"product-type-simple"},"jetpack_sharing_enabled":true,"_links":{"self":[{"href":"https:\/\/costaofertasuy.com\/index.php\/wp-json\/wp\/v2\/product\/1029","targetHints":{"allow":["GET"]}}],"collection":[{"href":"https:\/\/costaofertasuy.com\/index.php\/wp-json\/wp\/v2\/product"}],"about":[{"href":"https:\/\/costaofertasuy.com\/index.php\/wp-json\/wp\/v2\/types\/product"}],"wp:featuredmedia":[{"embeddable":true,"href":"https:\/\/costaofertasuy.com\/index.php\/wp-json\/wp\/v2\/media\/1033"}],"wp:attachment":[{"href":"https:\/\/costaofertasuy.com\/index.php\/wp-json\/wp\/v2\/media?parent=1029"}],"wp:term":[{"taxonomy":"product_brand","embeddable":true,"href":"https:\/\/costaofertasuy.com\/index.php\/wp-json\/wp\/v2\/product_brand?post=1029"},{"taxonomy":"product_cat","embeddable":true,"href":"https:\/\/costaofertasuy.com\/index.php\/wp-json\/wp\/v2\/product_cat?post=1029"},{"taxonomy":"product_tag","embeddable":true,"href":"https:\/\/costaofertasuy.com\/index.php\/wp-json\/wp\/v2\/product_tag?post=1029"}],"curies":[{"name":"wp","href":"https:\/\/api.w.org\/{rel}","templated":true}]}}