{"id":1053,"date":"2025-01-11T23:15:22","date_gmt":"2025-01-12T02:15:22","guid":{"rendered":"https:\/\/costaofertasuy.com\/?post_type=product&#038;p=1053"},"modified":"2026-04-15T08:13:27","modified_gmt":"2026-04-15T11:13:27","slug":"taladro-atornillador-inalambrico-equus-20v-2-bateria-maletin","status":"publish","type":"product","link":"https:\/\/costaofertasuy.com\/index.php\/product\/taladro-atornillador-inalambrico-equus-20v-2-bateria-maletin\/","title":{"rendered":"Taladro Atornillador Inalambrico Equus 20v 2 Bateria Maletin"},"content":{"rendered":"<p>Taladro Atornillador Inal\u00e1mbrico con Funci\u00f3n Percutor<\/p>\n<p>Eleva tu eficiencia en trabajos con nuestro Taladro Atornillador Inal\u00e1mbrico, equipado con funci\u00f3n de percutor y dos bater\u00edas de litio para un trabajo continuo sin interrupciones. Mientras usas una bater\u00eda, la otra se carga, asegurando que siempre est\u00e9s listo para seguir trabajando.<\/p>\n<p>Beneficios Principales:<\/p>\n<p>-Trabajo Continuo: Gracias a sus 2 bater\u00edas de 20V\/1500mAh, nunca te quedar\u00e1s sin energ\u00eda.<\/p>\n<p>-Versatilidad: Control de torque ajustable y velocidad variable directamente desde el gatillo, ideal para atornillar y perforar con precisi\u00f3n.<\/p>\n<p>-Funci\u00f3n Extra: Velocidad adicional para tareas de taladrado y percutor para perforar f\u00e1cilmente en paredes.<\/p>\n<p>Caracter\u00edsticas:<\/p>\n<p>-Funci\u00f3n Impacto: Para trabajos en paredes de ladrillo, cemento, etc..<\/p>\n<p>-Accesorios Incluidos: Mechas de taladro y puntas de atornillador, todo organizado en un pr\u00e1ctico malet\u00edn.<\/p>\n<p>-Confort y Control: Empu\u00f1adura ergon\u00f3mica antideslizante y mandril autoajustable de 0.8-10mm.<\/p>\n<p>-Luz LED e indicador de bater\u00eda para trabajar en condiciones de poca luz.<\/p>\n<p>Especificaciones T\u00e9cnicas:<\/p>\n<p>2 Velocidades: 0-450\/1600 RPM<\/p>\n<p>Max Torque: 35N.M<\/p>\n<p>Configuraci\u00f3n de Torque: 21+3 ajustable<\/p>\n<p>Tiempo de Carga: 1 hora<\/p>\n<p>Peso del Kit: 2.82kg<\/p>\n<p>Dimensiones de la Caja: 340x100x300mm<\/p>\n<p>No dejes pasar la oportunidad de mejorar tu kit de herramientas con este taladro atornillador de alta tecnolog\u00eda. \u00a1Es hora de dejar atr\u00e1s los viejos taladros con cable y dar un paso adelante en tus proyectos! Estamos aqu\u00ed para resolver cualquier pregunta que tengas.<\/p>\n","protected":false},"excerpt":{"rendered":"<h1 class=\"andes-typography andes-typography--type-title andes-typography--size-m andes-typography--color-primary andes-typography--weight-regular\">Taladro Atornillador Equus Malet\u00edn<\/h1>\n","protected":false},"featured_media":1055,"template":"","meta":{"site-sidebar-layout":"default","site-content-layout":"","ast-site-content-layout":"default","site-content-style":"default","site-sidebar-style":"default","ast-global-header-display":"","ast-banner-title-visibility":"","ast-main-header-display":"","ast-hfb-above-header-display":"","ast-hfb-below-header-display":"","ast-hfb-mobile-header-display":"","site-post-title":"","ast-breadcrumbs-content":"","ast-featured-img":"","footer-sml-layout":"","theme-transparent-header-meta":"default","adv-header-id-meta":"","stick-header-meta":"","header-above-stick-meta":"","header-main-stick-meta":"","header-below-stick-meta":"","astra-migrate-meta-layouts":"set","ast-page-background-enabled":"default","ast-page-background-meta":{"desktop":{"background-color":"var(--ast-global-color-4)","background-image":"","background-repeat":"repeat","background-position":"center center","background-size":"auto","background-attachment":"scroll","background-type":"","background-media":"","overlay-type":"","overlay-color":"","overlay-opacity":"","overlay-gradient":""},"tablet":{"background-color":"","background-image":"","background-repeat":"repeat","background-position":"center center","background-size":"auto","background-attachment":"scroll","background-type":"","background-media":"","overlay-type":"","overlay-color":"","overlay-opacity":"","overlay-gradient":""},"mobile":{"background-color":"","background-image":"","background-repeat":"repeat","background-position":"center center","background-size":"auto","background-attachment":"scroll","background-type":"","background-media":"","overlay-type":"","overlay-color":"","overlay-opacity":"","overlay-gradient":""}},"ast-content-background-meta":{"desktop":{"background-color":"var(--ast-global-color-5)","background-image":"","background-repeat":"repeat","background-position":"center center","background-size":"auto","background-attachment":"scroll","background-type":"","background-media":"","overlay-type":"","overlay-color":"","overlay-opacity":"","overlay-gradient":""},"tablet":{"background-color":"var(--ast-global-color-5)","background-image":"","background-repeat":"repeat","background-position":"center center","background-size":"auto","background-attachment":"scroll","background-type":"","background-media":"","overlay-type":"","overlay-color":"","overlay-opacity":"","overlay-gradient":""},"mobile":{"background-color":"var(--ast-global-color-5)","background-image":"","background-repeat":"repeat","background-position":"center center","background-size":"auto","background-attachment":"scroll","background-type":"","background-media":"","overlay-type":"","overlay-color":"","overlay-opacity":"","overlay-gradient":""}},"_joinchat":[]},"product_brand":[],"product_cat":[23],"product_tag":[],"class_list":{"0":"post-1053","1":"product","2":"type-product","3":"status-publish","4":"has-post-thumbnail","6":"product_cat-herramientas","7":"desktop-align-left","8":"tablet-align-left","9":"mobile-align-left","11":"first","12":"instock","13":"sale","14":"taxable","15":"shipping-taxable","16":"purchasable","17":"product-type-simple"},"jetpack_sharing_enabled":true,"_links":{"self":[{"href":"https:\/\/costaofertasuy.com\/index.php\/wp-json\/wp\/v2\/product\/1053","targetHints":{"allow":["GET"]}}],"collection":[{"href":"https:\/\/costaofertasuy.com\/index.php\/wp-json\/wp\/v2\/product"}],"about":[{"href":"https:\/\/costaofertasuy.com\/index.php\/wp-json\/wp\/v2\/types\/product"}],"wp:featuredmedia":[{"embeddable":true,"href":"https:\/\/costaofertasuy.com\/index.php\/wp-json\/wp\/v2\/media\/1055"}],"wp:attachment":[{"href":"https:\/\/costaofertasuy.com\/index.php\/wp-json\/wp\/v2\/media?parent=1053"}],"wp:term":[{"taxonomy":"product_brand","embeddable":true,"href":"https:\/\/costaofertasuy.com\/index.php\/wp-json\/wp\/v2\/product_brand?post=1053"},{"taxonomy":"product_cat","embeddable":true,"href":"https:\/\/costaofertasuy.com\/index.php\/wp-json\/wp\/v2\/product_cat?post=1053"},{"taxonomy":"product_tag","embeddable":true,"href":"https:\/\/costaofertasuy.com\/index.php\/wp-json\/wp\/v2\/product_tag?post=1053"}],"curies":[{"name":"wp","href":"https:\/\/api.w.org\/{rel}","templated":true}]}}