{"id":1072,"date":"2025-01-11T23:21:21","date_gmt":"2025-01-12T02:21:21","guid":{"rendered":"https:\/\/costaofertasuy.com\/?post_type=product&#038;p=1072"},"modified":"2026-04-15T08:13:29","modified_gmt":"2026-04-15T11:13:29","slug":"manguera-aire-comprimido-presion-carrete-retractil-8m-taller-equus","status":"publish","type":"product","link":"https:\/\/costaofertasuy.com\/index.php\/product\/manguera-aire-comprimido-presion-carrete-retractil-8m-taller-equus\/","title":{"rendered":"Manguera Aire Comprimido Presi\u00f3n Carrete Retr\u00e1ctil 8m Taller Equus"},"content":{"rendered":"<p>\u00a1Mant\u00e9n tu taller ordenado y listo para trabajar!<\/p>\n<p>Este carrete de manguera retr\u00e1ctil es la soluci\u00f3n ideal para mantener el espacio prolijo, sin mangueras enredadas o tiradas en el piso que puedan causar tropezones.<\/p>\n<p>Con su sistema de retorno autom\u00e1tico y guiado, evita torceduras y nudos, garantizando que la manguera est\u00e9 siempre en \u00f3ptimas condiciones.<\/p>\n<p>Adem\u00e1s, cuenta con un sistema de freno que permite detener la manguera en el punto preciso para trabajar c\u00f3modamente.<\/p>\n<p>El soporte met\u00e1lico de 180 grados facilita la instalaci\u00f3n en paredes o techos, permitiendo moverse con flexibilidad seg\u00fan el espacio disponible.<\/p>\n<p>Caracter\u00edsticas principales:<\/p>\n<p>-Retorno autom\u00e1tico y guiado de la manguera para evitar nudos y enredos.<\/p>\n<p>-Sistema de freno que permite detener la manguera a la medida necesaria.<\/p>\n<p>-Soporte met\u00e1lico para instalaci\u00f3n en techo o pared, con movimiento de 180 grados.<\/p>\n<p>-Largo de manguera de salida: 8 m; manguera de entrada: 1,5 m.<\/p>\n<p>-Di\u00e1metro de manguera: 5\/16&#8243;.<\/p>\n<p>-Presi\u00f3n de trabajo: 8-24 bar.<\/p>\n<p>-Acople de 1\/4&#8243; BSP.<\/p>\n<p>-Carcasa de material PP, soporta temperaturas de -5 a 45\u00b0C.<\/p>\n<p>Con este carrete de manguera retr\u00e1ctil, tu taller estar\u00e1 siempre listo, libre de obst\u00e1culos para trabajar.<\/p>\n","protected":false},"excerpt":{"rendered":"<p>\u00a1Mant\u00e9n tu taller ordenado y listo para trabajar! Este carrete de manguera retr\u00e1ctil es la soluci\u00f3n ideal para mantener el espacio prolijo, sin mangueras enredadas o tiradas en el piso que puedan causar tropezones. Con su sistema de retorno autom\u00e1tico y guiado, evita torceduras y nudos, garantizando que la manguera est\u00e9 siempre en \u00f3ptimas condiciones. [&hellip;]<\/p>\n","protected":false},"featured_media":1095,"template":"","meta":{"site-sidebar-layout":"default","site-content-layout":"","ast-site-content-layout":"default","site-content-style":"default","site-sidebar-style":"default","ast-global-header-display":"","ast-banner-title-visibility":"","ast-main-header-display":"","ast-hfb-above-header-display":"","ast-hfb-below-header-display":"","ast-hfb-mobile-header-display":"","site-post-title":"","ast-breadcrumbs-content":"","ast-featured-img":"","footer-sml-layout":"","theme-transparent-header-meta":"default","adv-header-id-meta":"","stick-header-meta":"","header-above-stick-meta":"","header-main-stick-meta":"","header-below-stick-meta":"","astra-migrate-meta-layouts":"set","ast-page-background-enabled":"default","ast-page-background-meta":{"desktop":{"background-color":"var(--ast-global-color-4)","background-image":"","background-repeat":"repeat","background-position":"center center","background-size":"auto","background-attachment":"scroll","background-type":"","background-media":"","overlay-type":"","overlay-color":"","overlay-opacity":"","overlay-gradient":""},"tablet":{"background-color":"","background-image":"","background-repeat":"repeat","background-position":"center center","background-size":"auto","background-attachment":"scroll","background-type":"","background-media":"","overlay-type":"","overlay-color":"","overlay-opacity":"","overlay-gradient":""},"mobile":{"background-color":"","background-image":"","background-repeat":"repeat","background-position":"center center","background-size":"auto","background-attachment":"scroll","background-type":"","background-media":"","overlay-type":"","overlay-color":"","overlay-opacity":"","overlay-gradient":""}},"ast-content-background-meta":{"desktop":{"background-color":"var(--ast-global-color-5)","background-image":"","background-repeat":"repeat","background-position":"center center","background-size":"auto","background-attachment":"scroll","background-type":"","background-media":"","overlay-type":"","overlay-color":"","overlay-opacity":"","overlay-gradient":""},"tablet":{"background-color":"var(--ast-global-color-5)","background-image":"","background-repeat":"repeat","background-position":"center center","background-size":"auto","background-attachment":"scroll","background-type":"","background-media":"","overlay-type":"","overlay-color":"","overlay-opacity":"","overlay-gradient":""},"mobile":{"background-color":"var(--ast-global-color-5)","background-image":"","background-repeat":"repeat","background-position":"center center","background-size":"auto","background-attachment":"scroll","background-type":"","background-media":"","overlay-type":"","overlay-color":"","overlay-opacity":"","overlay-gradient":""}},"_joinchat":[]},"product_brand":[],"product_cat":[23],"product_tag":[],"class_list":{"0":"post-1072","1":"product","2":"type-product","3":"status-publish","4":"has-post-thumbnail","6":"product_cat-herramientas","7":"desktop-align-left","8":"tablet-align-left","9":"mobile-align-left","11":"first","12":"instock","13":"sale","14":"taxable","15":"shipping-taxable","16":"purchasable","17":"product-type-simple"},"jetpack_sharing_enabled":true,"_links":{"self":[{"href":"https:\/\/costaofertasuy.com\/index.php\/wp-json\/wp\/v2\/product\/1072","targetHints":{"allow":["GET"]}}],"collection":[{"href":"https:\/\/costaofertasuy.com\/index.php\/wp-json\/wp\/v2\/product"}],"about":[{"href":"https:\/\/costaofertasuy.com\/index.php\/wp-json\/wp\/v2\/types\/product"}],"wp:featuredmedia":[{"embeddable":true,"href":"https:\/\/costaofertasuy.com\/index.php\/wp-json\/wp\/v2\/media\/1095"}],"wp:attachment":[{"href":"https:\/\/costaofertasuy.com\/index.php\/wp-json\/wp\/v2\/media?parent=1072"}],"wp:term":[{"taxonomy":"product_brand","embeddable":true,"href":"https:\/\/costaofertasuy.com\/index.php\/wp-json\/wp\/v2\/product_brand?post=1072"},{"taxonomy":"product_cat","embeddable":true,"href":"https:\/\/costaofertasuy.com\/index.php\/wp-json\/wp\/v2\/product_cat?post=1072"},{"taxonomy":"product_tag","embeddable":true,"href":"https:\/\/costaofertasuy.com\/index.php\/wp-json\/wp\/v2\/product_tag?post=1072"}],"curies":[{"name":"wp","href":"https:\/\/api.w.org\/{rel}","templated":true}]}}