{"id":1166,"date":"2025-07-01T22:07:48","date_gmt":"2025-07-02T01:07:48","guid":{"rendered":"https:\/\/costaofertasuy.com\/?post_type=product&#038;p=1166"},"modified":"2026-04-15T08:13:29","modified_gmt":"2026-04-15T11:13:29","slug":"set-dados-impacto-encastre-1-2-19-y-21-mm-huaqui-ruedas-auto","status":"publish","type":"product","link":"https:\/\/costaofertasuy.com\/index.php\/product\/set-dados-impacto-encastre-1-2-19-y-21-mm-huaqui-ruedas-auto\/","title":{"rendered":"Set Dados Impacto Encastre 1\/2 19 Y 21 Mm Huaqui Ruedas Auto"},"content":{"rendered":"<p>Set de 2 Dados de Impacto 1\/2&#8243; HUAQUI \u2013 Especial para Herramientas de Impacto<\/p>\n<p>Este Set est\u00e1 dise\u00f1ado para soportar las exigencias de herramientas de impacto, como pistolas neum\u00e1ticas o el\u00e9ctricas, ofreciendo durabilidad y resistencia. A diferencia de los dados de cromo-vanadio, que pueden romperse debido a la potencia, estos dados de acero Cr-Mo (Cromo-Molibdeno) est\u00e1n hechos para resistir impactos repetidos sin comprometer su integridad.<\/p>\n<p>Caracter\u00edsticas destacadas:<\/p>\n<p>&#8211; Resistencia: ideales para herramientas de impacto, donde los dados comunes no resisten.<\/p>\n<p>&#8211; Encastre de 1\/2&#8243;: compatible con pistolas de impacto neum\u00e1ticas y el\u00e9ctricas.<\/p>\n<p>&#8211; Fabricaci\u00f3n industrial: acero Cr-Mo dise\u00f1ado para resistir altas exigencias.<\/p>\n<p>&#8211; Medidas: 19 y 21 mm.<\/p>\n<p>Por qu\u00e9 elegir dados de impacto:<\/p>\n<p>&#8211; Los dados de impacto est\u00e1n especialmente dise\u00f1ados. Usar dados de cromo-vanadio en herramientas de impacto puede provocar su fractura, ya que no est\u00e1n dise\u00f1ados para soportar la potencia de estas herramientas. Con estos dados de impacto, trabajas con seguridad y confianza.<\/p>\n<p>Perfectos para talleres, gomer\u00edas. \u00a1Invierte en calidad para tu equipo de trabajo!<\/p>\n","protected":false},"excerpt":{"rendered":"<p>Set de 2 Dados de Impacto 1\/2&#8243; HUAQUI \u2013 Especial para Herramientas de Impacto Este Set est\u00e1 dise\u00f1ado para soportar las exigencias de herramientas de impacto, como pistolas neum\u00e1ticas o el\u00e9ctricas, ofreciendo durabilidad y resistencia. A diferencia de los dados de cromo-vanadio, que pueden romperse debido a la potencia, estos dados de acero Cr-Mo (Cromo-Molibdeno) [&hellip;]<\/p>\n","protected":false},"featured_media":1170,"template":"","meta":{"site-sidebar-layout":"default","site-content-layout":"","ast-site-content-layout":"default","site-content-style":"default","site-sidebar-style":"default","ast-global-header-display":"","ast-banner-title-visibility":"","ast-main-header-display":"","ast-hfb-above-header-display":"","ast-hfb-below-header-display":"","ast-hfb-mobile-header-display":"","site-post-title":"","ast-breadcrumbs-content":"","ast-featured-img":"","footer-sml-layout":"","theme-transparent-header-meta":"default","adv-header-id-meta":"","stick-header-meta":"","header-above-stick-meta":"","header-main-stick-meta":"","header-below-stick-meta":"","astra-migrate-meta-layouts":"set","ast-page-background-enabled":"default","ast-page-background-meta":{"desktop":{"background-color":"var(--ast-global-color-4)","background-image":"","background-repeat":"repeat","background-position":"center center","background-size":"auto","background-attachment":"scroll","background-type":"","background-media":"","overlay-type":"","overlay-color":"","overlay-opacity":"","overlay-gradient":""},"tablet":{"background-color":"","background-image":"","background-repeat":"repeat","background-position":"center center","background-size":"auto","background-attachment":"scroll","background-type":"","background-media":"","overlay-type":"","overlay-color":"","overlay-opacity":"","overlay-gradient":""},"mobile":{"background-color":"","background-image":"","background-repeat":"repeat","background-position":"center center","background-size":"auto","background-attachment":"scroll","background-type":"","background-media":"","overlay-type":"","overlay-color":"","overlay-opacity":"","overlay-gradient":""}},"ast-content-background-meta":{"desktop":{"background-color":"var(--ast-global-color-5)","background-image":"","background-repeat":"repeat","background-position":"center center","background-size":"auto","background-attachment":"scroll","background-type":"","background-media":"","overlay-type":"","overlay-color":"","overlay-opacity":"","overlay-gradient":""},"tablet":{"background-color":"var(--ast-global-color-5)","background-image":"","background-repeat":"repeat","background-position":"center center","background-size":"auto","background-attachment":"scroll","background-type":"","background-media":"","overlay-type":"","overlay-color":"","overlay-opacity":"","overlay-gradient":""},"mobile":{"background-color":"var(--ast-global-color-5)","background-image":"","background-repeat":"repeat","background-position":"center center","background-size":"auto","background-attachment":"scroll","background-type":"","background-media":"","overlay-type":"","overlay-color":"","overlay-opacity":"","overlay-gradient":""}},"_joinchat":[]},"product_brand":[],"product_cat":[23],"product_tag":[],"class_list":{"0":"post-1166","1":"product","2":"type-product","3":"status-publish","4":"has-post-thumbnail","6":"product_cat-herramientas","7":"desktop-align-left","8":"tablet-align-left","9":"mobile-align-left","11":"first","12":"instock","13":"taxable","14":"shipping-taxable","15":"purchasable","16":"product-type-simple"},"jetpack_sharing_enabled":true,"_links":{"self":[{"href":"https:\/\/costaofertasuy.com\/index.php\/wp-json\/wp\/v2\/product\/1166","targetHints":{"allow":["GET"]}}],"collection":[{"href":"https:\/\/costaofertasuy.com\/index.php\/wp-json\/wp\/v2\/product"}],"about":[{"href":"https:\/\/costaofertasuy.com\/index.php\/wp-json\/wp\/v2\/types\/product"}],"wp:featuredmedia":[{"embeddable":true,"href":"https:\/\/costaofertasuy.com\/index.php\/wp-json\/wp\/v2\/media\/1170"}],"wp:attachment":[{"href":"https:\/\/costaofertasuy.com\/index.php\/wp-json\/wp\/v2\/media?parent=1166"}],"wp:term":[{"taxonomy":"product_brand","embeddable":true,"href":"https:\/\/costaofertasuy.com\/index.php\/wp-json\/wp\/v2\/product_brand?post=1166"},{"taxonomy":"product_cat","embeddable":true,"href":"https:\/\/costaofertasuy.com\/index.php\/wp-json\/wp\/v2\/product_cat?post=1166"},{"taxonomy":"product_tag","embeddable":true,"href":"https:\/\/costaofertasuy.com\/index.php\/wp-json\/wp\/v2\/product_tag?post=1166"}],"curies":[{"name":"wp","href":"https:\/\/api.w.org\/{rel}","templated":true}]}}