{"id":1214,"date":"2025-07-01T22:41:18","date_gmt":"2025-07-02T01:41:18","guid":{"rendered":"https:\/\/costaofertasuy.com\/?post_type=product&#038;p=1214"},"modified":"2026-04-15T08:13:30","modified_gmt":"2026-04-15T11:13:30","slug":"bateria-litio-equus-20v-4000-mah-4a-taladro-amoladora-motosierra","status":"publish","type":"product","link":"https:\/\/costaofertasuy.com\/index.php\/product\/bateria-litio-equus-20v-4000-mah-4a-taladro-amoladora-motosierra\/","title":{"rendered":"Bater\u00eda Litio Equus 20v 4000 Mah 4a Taladro Amoladora Motosierra"},"content":{"rendered":"<p>Bater\u00eda de Litio Equus 20V 4.0Ah \u2013 M\u00e1s Potencia y Autonom\u00eda para tus Herramientas<\/p>\n<p>Dise\u00f1ada para brindarte mayor tiempo de trabajo y un rendimiento constante, esta bater\u00eda de 20V y 4000mAh es ideal para potenciar toda tu l\u00ednea de herramientas inal\u00e1mbricas Equus.<\/p>\n<p>Con una sola bater\u00eda, pod\u00e9s trabajar con m\u00faltiples herramientas sin complicarte con cables ni interrupciones.<\/p>\n<p>Compatible con:<\/p>\n<p>-Llave de impacto<\/p>\n<p>-Amoladora Brushless<\/p>\n<p>-Aspiradora Inal\u00e1mbrica Brushless<\/p>\n<p>-Rotomartillo Inal\u00e1mbrico Brushless<\/p>\n<p>Entre otros<\/p>\n<p>Caracter\u00edsticas:<\/p>\n<p>-Voltaje: 20V<\/p>\n<p>-Capacidad: 4.0Ah<\/p>\n<p>Ventajas:<\/p>\n<p>-Intercambiable entre m\u00faltiples herramientas<\/p>\n<p>-M\u00e1s tiempo de trabajo<\/p>\n<p>Una excelente inversi\u00f3n para mejorar el rendimiento de tu equipo inal\u00e1mbrico Equus.<\/p>\n","protected":false},"excerpt":{"rendered":"<p>Bater\u00eda de Litio Equus 20V 4.0Ah \u2013 M\u00e1s Potencia y Autonom\u00eda para tus Herramientas Dise\u00f1ada para brindarte mayor tiempo de trabajo y un rendimiento constante, esta bater\u00eda de 20V y 4000mAh es ideal para potenciar toda tu l\u00ednea de herramientas inal\u00e1mbricas Equus. Con una sola bater\u00eda, pod\u00e9s trabajar con m\u00faltiples herramientas sin complicarte con cables [&hellip;]<\/p>\n","protected":false},"featured_media":1215,"template":"","meta":{"site-sidebar-layout":"default","site-content-layout":"","ast-site-content-layout":"default","site-content-style":"default","site-sidebar-style":"default","ast-global-header-display":"","ast-banner-title-visibility":"","ast-main-header-display":"","ast-hfb-above-header-display":"","ast-hfb-below-header-display":"","ast-hfb-mobile-header-display":"","site-post-title":"","ast-breadcrumbs-content":"","ast-featured-img":"","footer-sml-layout":"","theme-transparent-header-meta":"default","adv-header-id-meta":"","stick-header-meta":"","header-above-stick-meta":"","header-main-stick-meta":"","header-below-stick-meta":"","astra-migrate-meta-layouts":"set","ast-page-background-enabled":"default","ast-page-background-meta":{"desktop":{"background-color":"var(--ast-global-color-4)","background-image":"","background-repeat":"repeat","background-position":"center center","background-size":"auto","background-attachment":"scroll","background-type":"","background-media":"","overlay-type":"","overlay-color":"","overlay-opacity":"","overlay-gradient":""},"tablet":{"background-color":"","background-image":"","background-repeat":"repeat","background-position":"center center","background-size":"auto","background-attachment":"scroll","background-type":"","background-media":"","overlay-type":"","overlay-color":"","overlay-opacity":"","overlay-gradient":""},"mobile":{"background-color":"","background-image":"","background-repeat":"repeat","background-position":"center center","background-size":"auto","background-attachment":"scroll","background-type":"","background-media":"","overlay-type":"","overlay-color":"","overlay-opacity":"","overlay-gradient":""}},"ast-content-background-meta":{"desktop":{"background-color":"var(--ast-global-color-5)","background-image":"","background-repeat":"repeat","background-position":"center center","background-size":"auto","background-attachment":"scroll","background-type":"","background-media":"","overlay-type":"","overlay-color":"","overlay-opacity":"","overlay-gradient":""},"tablet":{"background-color":"var(--ast-global-color-5)","background-image":"","background-repeat":"repeat","background-position":"center center","background-size":"auto","background-attachment":"scroll","background-type":"","background-media":"","overlay-type":"","overlay-color":"","overlay-opacity":"","overlay-gradient":""},"mobile":{"background-color":"var(--ast-global-color-5)","background-image":"","background-repeat":"repeat","background-position":"center center","background-size":"auto","background-attachment":"scroll","background-type":"","background-media":"","overlay-type":"","overlay-color":"","overlay-opacity":"","overlay-gradient":""}},"_joinchat":[]},"product_brand":[],"product_cat":[23],"product_tag":[],"class_list":{"0":"post-1214","1":"product","2":"type-product","3":"status-publish","4":"has-post-thumbnail","6":"product_cat-herramientas","7":"desktop-align-left","8":"tablet-align-left","9":"mobile-align-left","11":"first","12":"instock","13":"sale","14":"taxable","15":"shipping-taxable","16":"purchasable","17":"product-type-simple"},"jetpack_sharing_enabled":true,"_links":{"self":[{"href":"https:\/\/costaofertasuy.com\/index.php\/wp-json\/wp\/v2\/product\/1214","targetHints":{"allow":["GET"]}}],"collection":[{"href":"https:\/\/costaofertasuy.com\/index.php\/wp-json\/wp\/v2\/product"}],"about":[{"href":"https:\/\/costaofertasuy.com\/index.php\/wp-json\/wp\/v2\/types\/product"}],"wp:featuredmedia":[{"embeddable":true,"href":"https:\/\/costaofertasuy.com\/index.php\/wp-json\/wp\/v2\/media\/1215"}],"wp:attachment":[{"href":"https:\/\/costaofertasuy.com\/index.php\/wp-json\/wp\/v2\/media?parent=1214"}],"wp:term":[{"taxonomy":"product_brand","embeddable":true,"href":"https:\/\/costaofertasuy.com\/index.php\/wp-json\/wp\/v2\/product_brand?post=1214"},{"taxonomy":"product_cat","embeddable":true,"href":"https:\/\/costaofertasuy.com\/index.php\/wp-json\/wp\/v2\/product_cat?post=1214"},{"taxonomy":"product_tag","embeddable":true,"href":"https:\/\/costaofertasuy.com\/index.php\/wp-json\/wp\/v2\/product_tag?post=1214"}],"curies":[{"name":"wp","href":"https:\/\/api.w.org\/{rel}","templated":true}]}}