{"id":1228,"date":"2025-07-01T22:47:24","date_gmt":"2025-07-02T01:47:24","guid":{"rendered":"https:\/\/costaofertasuy.com\/?post_type=product&#038;p=1228"},"modified":"2026-04-15T08:13:30","modified_gmt":"2026-04-15T11:13:30","slug":"motosierra-inalambrica-equus-12pulga-20v-bateria-4a-cargador","status":"publish","type":"product","link":"https:\/\/costaofertasuy.com\/index.php\/product\/motosierra-inalambrica-equus-12pulga-20v-bateria-4a-cargador\/","title":{"rendered":"Motosierra Inal\u00e1mbrica Equus 12pulga 20v Bater\u00eda 4a Cargador"},"content":{"rendered":"<p>Motosierra Inal\u00e1mbrica Equus 12&#8243; 20V \u2013 Con Bater\u00eda y Cargador Incluidos<\/p>\n<p>Dise\u00f1ada para trabajos de poda, recorte y corte de manera r\u00e1pida y sin esfuerzo.<\/p>\n<p>Ideal para mantenimiento de jard\u00edn y tareas ligeras de le\u00f1er\u00eda.<\/p>\n<p>Si no te entra una astilla en la estufa eficiente o el parrillero, tienes que cortar unos postes o estas en una construcci\u00f3n de madera.<\/p>\n<p>Esta herramienta te ahora mucho tiempo, ya que no tienes que ponerle combustible, arrancar, etc.<\/p>\n<p>Solo presionas el gatillo y estas cortando.<\/p>\n<p>Ventajas destacadas:<\/p>\n<p>-Incluye bater\u00eda de 4.0Ah y cargador<\/p>\n<p>-Tiempo de carga: 1 hora<\/p>\n<p>-Tiempo estimado de trabajo: 20 minutos<\/p>\n<p>-Sin cables ni combustible: encend\u00e9 y trabaj\u00e1 sin complicaciones<\/p>\n<p>-Freno autom\u00e1tico al soltar el gatillo<\/p>\n<p>-Gatillo con sistema de seguridad<\/p>\n<p>-Mango auxiliar para mayor control<\/p>\n<p>-Visor de nivel de aceite<\/p>\n<p>-Dep\u00f3sito de aceite de 150 ml<\/p>\n<p>-Compacta y liviana: peso total 3.4 kg<\/p>\n<p>Datos t\u00e9cnicos:<\/p>\n<p>-Modelo: 26810<\/p>\n<p>-Voltaje: 20V<\/p>\n<p>-Largo de corte: 12&#8243; (30 cm)<\/p>\n<p>-Velocidad de cadena: 6.7 m\/s<\/p>\n<p>-Velocidad sin carga: 3600 rpm<\/p>\n<p>Importante:<\/p>\n<p>-Usar solamente aceite de cadena nuevo (no reciclado)<\/p>\n","protected":false},"excerpt":{"rendered":"<p>Motosierra Inal\u00e1mbrica Equus 12&#8243; 20V \u2013 Con Bater\u00eda y Cargador Incluidos Dise\u00f1ada para trabajos de poda, recorte y corte de manera r\u00e1pida y sin esfuerzo. Ideal para mantenimiento de jard\u00edn y tareas ligeras de le\u00f1er\u00eda. Si no te entra una astilla en la estufa eficiente o el parrillero, tienes que cortar unos postes o estas [&hellip;]<\/p>\n","protected":false},"featured_media":1231,"template":"","meta":{"site-sidebar-layout":"default","site-content-layout":"","ast-site-content-layout":"default","site-content-style":"default","site-sidebar-style":"default","ast-global-header-display":"","ast-banner-title-visibility":"","ast-main-header-display":"","ast-hfb-above-header-display":"","ast-hfb-below-header-display":"","ast-hfb-mobile-header-display":"","site-post-title":"","ast-breadcrumbs-content":"","ast-featured-img":"","footer-sml-layout":"","theme-transparent-header-meta":"default","adv-header-id-meta":"","stick-header-meta":"","header-above-stick-meta":"","header-main-stick-meta":"","header-below-stick-meta":"","astra-migrate-meta-layouts":"set","ast-page-background-enabled":"default","ast-page-background-meta":{"desktop":{"background-color":"var(--ast-global-color-4)","background-image":"","background-repeat":"repeat","background-position":"center center","background-size":"auto","background-attachment":"scroll","background-type":"","background-media":"","overlay-type":"","overlay-color":"","overlay-opacity":"","overlay-gradient":""},"tablet":{"background-color":"","background-image":"","background-repeat":"repeat","background-position":"center center","background-size":"auto","background-attachment":"scroll","background-type":"","background-media":"","overlay-type":"","overlay-color":"","overlay-opacity":"","overlay-gradient":""},"mobile":{"background-color":"","background-image":"","background-repeat":"repeat","background-position":"center center","background-size":"auto","background-attachment":"scroll","background-type":"","background-media":"","overlay-type":"","overlay-color":"","overlay-opacity":"","overlay-gradient":""}},"ast-content-background-meta":{"desktop":{"background-color":"var(--ast-global-color-5)","background-image":"","background-repeat":"repeat","background-position":"center center","background-size":"auto","background-attachment":"scroll","background-type":"","background-media":"","overlay-type":"","overlay-color":"","overlay-opacity":"","overlay-gradient":""},"tablet":{"background-color":"var(--ast-global-color-5)","background-image":"","background-repeat":"repeat","background-position":"center center","background-size":"auto","background-attachment":"scroll","background-type":"","background-media":"","overlay-type":"","overlay-color":"","overlay-opacity":"","overlay-gradient":""},"mobile":{"background-color":"var(--ast-global-color-5)","background-image":"","background-repeat":"repeat","background-position":"center center","background-size":"auto","background-attachment":"scroll","background-type":"","background-media":"","overlay-type":"","overlay-color":"","overlay-opacity":"","overlay-gradient":""}},"_joinchat":[]},"product_brand":[],"product_cat":[23],"product_tag":[],"class_list":{"0":"post-1228","1":"product","2":"type-product","3":"status-publish","4":"has-post-thumbnail","6":"product_cat-herramientas","7":"desktop-align-left","8":"tablet-align-left","9":"mobile-align-left","11":"first","12":"instock","13":"sale","14":"taxable","15":"shipping-taxable","16":"purchasable","17":"product-type-simple"},"jetpack_sharing_enabled":true,"_links":{"self":[{"href":"https:\/\/costaofertasuy.com\/index.php\/wp-json\/wp\/v2\/product\/1228","targetHints":{"allow":["GET"]}}],"collection":[{"href":"https:\/\/costaofertasuy.com\/index.php\/wp-json\/wp\/v2\/product"}],"about":[{"href":"https:\/\/costaofertasuy.com\/index.php\/wp-json\/wp\/v2\/types\/product"}],"wp:featuredmedia":[{"embeddable":true,"href":"https:\/\/costaofertasuy.com\/index.php\/wp-json\/wp\/v2\/media\/1231"}],"wp:attachment":[{"href":"https:\/\/costaofertasuy.com\/index.php\/wp-json\/wp\/v2\/media?parent=1228"}],"wp:term":[{"taxonomy":"product_brand","embeddable":true,"href":"https:\/\/costaofertasuy.com\/index.php\/wp-json\/wp\/v2\/product_brand?post=1228"},{"taxonomy":"product_cat","embeddable":true,"href":"https:\/\/costaofertasuy.com\/index.php\/wp-json\/wp\/v2\/product_cat?post=1228"},{"taxonomy":"product_tag","embeddable":true,"href":"https:\/\/costaofertasuy.com\/index.php\/wp-json\/wp\/v2\/product_tag?post=1228"}],"curies":[{"name":"wp","href":"https:\/\/api.w.org\/{rel}","templated":true}]}}