{"id":897,"date":"2024-10-22T23:48:08","date_gmt":"2024-10-23T02:48:08","guid":{"rendered":"https:\/\/costaofertasuy.com\/?post_type=product&#038;p=897"},"modified":"2026-04-15T08:13:26","modified_gmt":"2026-04-15T11:13:26","slug":"taladro-atornillador-21v-10mm-powertools-2-baterias-2-amper-maletin","status":"publish","type":"product","link":"https:\/\/costaofertasuy.com\/index.php\/product\/taladro-atornillador-21v-10mm-powertools-2-baterias-2-amper-maletin\/","title":{"rendered":"Taladro Atornillador 21v 10mm Powertools 2 Bater\u00edas 2 Amper Malet\u00edn"},"content":{"rendered":"<p>\u00a1Este taladro atornillador 21 V es la herramienta perfecta para tener en casa! Ideal para armar muebles, colocar yeso, techos, y trabajar en madera o metal.<\/p>\n<p>Su dise\u00f1o vers\u00e1til y c\u00f3modo te permitir\u00e1 afrontar cualquier proyecto.<\/p>\n<p>Adem\u00e1s, con sus 2 bater\u00edas, podr\u00e1s trabajar sin interrupciones, optimizando tu tiempo y esfuerzo.<\/p>\n<p>Caracter\u00edsticas principales:<\/p>\n<p>-Mandril 10 mm<\/p>\n<p>-2 Bater\u00edas de 2A y cargador r\u00e1pido<\/p>\n<p>-2 velocidades mec\u00e1nicas<\/p>\n<p>-18 posiciones de torque<\/p>\n<p>-Reversa y velocidad variable en el gatillo<\/p>\n<p>-Luz de trabajo integrada<\/p>\n<p>-Empu\u00f1adura de goma<\/p>\n<p>-Velocidad sin carga: 0-350\/0-1450r\/min<\/p>\n<p>-Par m\u00e1ximo: 50 N.m<\/p>\n<p>-Malet\u00edn de transporte<\/p>\n<p>\u00a1Lleva la tuya y no te demores en tus trabajos!<\/p>\n","protected":false},"excerpt":{"rendered":"<p>Taladro Atornillador 21v 10mm<\/p>\n","protected":false},"featured_media":903,"template":"","meta":{"site-sidebar-layout":"default","site-content-layout":"","ast-site-content-layout":"default","site-content-style":"default","site-sidebar-style":"default","ast-global-header-display":"","ast-banner-title-visibility":"","ast-main-header-display":"","ast-hfb-above-header-display":"","ast-hfb-below-header-display":"","ast-hfb-mobile-header-display":"","site-post-title":"","ast-breadcrumbs-content":"","ast-featured-img":"","footer-sml-layout":"","theme-transparent-header-meta":"default","adv-header-id-meta":"","stick-header-meta":"","header-above-stick-meta":"","header-main-stick-meta":"","header-below-stick-meta":"","astra-migrate-meta-layouts":"set","ast-page-background-enabled":"default","ast-page-background-meta":{"desktop":{"background-color":"var(--ast-global-color-4)","background-image":"","background-repeat":"repeat","background-position":"center center","background-size":"auto","background-attachment":"scroll","background-type":"","background-media":"","overlay-type":"","overlay-color":"","overlay-opacity":"","overlay-gradient":""},"tablet":{"background-color":"","background-image":"","background-repeat":"repeat","background-position":"center center","background-size":"auto","background-attachment":"scroll","background-type":"","background-media":"","overlay-type":"","overlay-color":"","overlay-opacity":"","overlay-gradient":""},"mobile":{"background-color":"","background-image":"","background-repeat":"repeat","background-position":"center center","background-size":"auto","background-attachment":"scroll","background-type":"","background-media":"","overlay-type":"","overlay-color":"","overlay-opacity":"","overlay-gradient":""}},"ast-content-background-meta":{"desktop":{"background-color":"var(--ast-global-color-5)","background-image":"","background-repeat":"repeat","background-position":"center center","background-size":"auto","background-attachment":"scroll","background-type":"","background-media":"","overlay-type":"","overlay-color":"","overlay-opacity":"","overlay-gradient":""},"tablet":{"background-color":"var(--ast-global-color-5)","background-image":"","background-repeat":"repeat","background-position":"center center","background-size":"auto","background-attachment":"scroll","background-type":"","background-media":"","overlay-type":"","overlay-color":"","overlay-opacity":"","overlay-gradient":""},"mobile":{"background-color":"var(--ast-global-color-5)","background-image":"","background-repeat":"repeat","background-position":"center center","background-size":"auto","background-attachment":"scroll","background-type":"","background-media":"","overlay-type":"","overlay-color":"","overlay-opacity":"","overlay-gradient":""}},"_joinchat":[]},"product_brand":[],"product_cat":[23,33],"product_tag":[],"class_list":{"0":"post-897","1":"product","2":"type-product","3":"status-publish","4":"has-post-thumbnail","6":"product_cat-herramientas","7":"product_cat-power-tools","8":"desktop-align-left","9":"tablet-align-left","10":"mobile-align-left","12":"first","13":"instock","14":"sale","15":"taxable","16":"shipping-taxable","17":"purchasable","18":"product-type-simple"},"jetpack_sharing_enabled":true,"_links":{"self":[{"href":"https:\/\/costaofertasuy.com\/index.php\/wp-json\/wp\/v2\/product\/897","targetHints":{"allow":["GET"]}}],"collection":[{"href":"https:\/\/costaofertasuy.com\/index.php\/wp-json\/wp\/v2\/product"}],"about":[{"href":"https:\/\/costaofertasuy.com\/index.php\/wp-json\/wp\/v2\/types\/product"}],"wp:featuredmedia":[{"embeddable":true,"href":"https:\/\/costaofertasuy.com\/index.php\/wp-json\/wp\/v2\/media\/903"}],"wp:attachment":[{"href":"https:\/\/costaofertasuy.com\/index.php\/wp-json\/wp\/v2\/media?parent=897"}],"wp:term":[{"taxonomy":"product_brand","embeddable":true,"href":"https:\/\/costaofertasuy.com\/index.php\/wp-json\/wp\/v2\/product_brand?post=897"},{"taxonomy":"product_cat","embeddable":true,"href":"https:\/\/costaofertasuy.com\/index.php\/wp-json\/wp\/v2\/product_cat?post=897"},{"taxonomy":"product_tag","embeddable":true,"href":"https:\/\/costaofertasuy.com\/index.php\/wp-json\/wp\/v2\/product_tag?post=897"}],"curies":[{"name":"wp","href":"https:\/\/api.w.org\/{rel}","templated":true}]}}