{"id":956,"date":"2024-10-26T08:33:39","date_gmt":"2024-10-26T11:33:39","guid":{"rendered":"https:\/\/costaofertasuy.com\/?post_type=product&#038;p=956"},"modified":"2026-04-15T08:13:26","modified_gmt":"2026-04-15T11:13:26","slug":"amoladora-velocidad-regulable-21v-4y1-2-powertools-brushless-2-baterias-4a-malet","status":"publish","type":"product","link":"https:\/\/costaofertasuy.com\/index.php\/product\/amoladora-velocidad-regulable-21v-4y1-2-powertools-brushless-2-baterias-4a-malet\/","title":{"rendered":"Amoladora Velocidad Regulable 21v 4y1\/2 Powertools Brushless 2 Bater\u00edas 4a Malet"},"content":{"rendered":"<p>Deja de pelear con los cables que se enredan o no alcanzan para hacer ese trabajo complicado.<\/p>\n<p>Con esta amoladora inal\u00e1mbrica 21V, tendr\u00e1s toda la libertad y potencia que necesitas sin las molestias de los cables. Equipada con un motor sin carbones (brushless) para mayor durabilidad y eficiencia, para disco de 125mm (4 1\/2 pulgadas) ideal para cortes en metal, cer\u00e1mica, desbaste y m\u00e1s.<\/p>\n<p>Gracias a las 2 bater\u00edas de 4Ah, podr\u00e1s trabajar sin interrupciones, mientras la velocidad ajustable con 7 posiciones te permite controlar como usarla con precisi\u00f3n. Adem\u00e1s, cuenta con regulador de potencia digital y un indicador de estado de bater\u00eda.<\/p>\n<p>\u00a1Deja de tropezarte con cables o quedarte corto en distancia! Esta amoladora te brinda la libertad y potencia que necesitas para cualquier trabajo.<\/p>\n<p>Que esperas para tener la tuya?<\/p>\n<p>Caracter\u00edsticas principales:<\/p>\n<p>-Velocidad ajustable (2600\/8500 rpm) con 7 posiciones.<\/p>\n<p>-2 bater\u00edas de 4A y cargador r\u00e1pido.<\/p>\n<p>-Luz de trabajo integrada para condiciones de baja visibilidad.<\/p>\n<p>-Regulador de potencia digital<\/p>\n<p>-Indicador de estado de bater\u00eda.<\/p>\n<p>-Empu\u00f1adura de goma y mango de agarre para mayor comodidad y control.<\/p>\n<p>-Protector para mayor seguridad durante su uso.<\/p>\n<p>Malet\u00edn de transporte para organizar y llevar todo f\u00e1cilmente.<\/p>\n","protected":false},"excerpt":{"rendered":"<p>Amoladora Velocidad Regulable<\/p>\n","protected":false},"featured_media":964,"template":"","meta":{"site-sidebar-layout":"default","site-content-layout":"","ast-site-content-layout":"default","site-content-style":"default","site-sidebar-style":"default","ast-global-header-display":"","ast-banner-title-visibility":"","ast-main-header-display":"","ast-hfb-above-header-display":"","ast-hfb-below-header-display":"","ast-hfb-mobile-header-display":"","site-post-title":"","ast-breadcrumbs-content":"","ast-featured-img":"","footer-sml-layout":"","theme-transparent-header-meta":"default","adv-header-id-meta":"","stick-header-meta":"","header-above-stick-meta":"","header-main-stick-meta":"","header-below-stick-meta":"","astra-migrate-meta-layouts":"set","ast-page-background-enabled":"default","ast-page-background-meta":{"desktop":{"background-color":"var(--ast-global-color-4)","background-image":"","background-repeat":"repeat","background-position":"center center","background-size":"auto","background-attachment":"scroll","background-type":"","background-media":"","overlay-type":"","overlay-color":"","overlay-opacity":"","overlay-gradient":""},"tablet":{"background-color":"","background-image":"","background-repeat":"repeat","background-position":"center center","background-size":"auto","background-attachment":"scroll","background-type":"","background-media":"","overlay-type":"","overlay-color":"","overlay-opacity":"","overlay-gradient":""},"mobile":{"background-color":"","background-image":"","background-repeat":"repeat","background-position":"center center","background-size":"auto","background-attachment":"scroll","background-type":"","background-media":"","overlay-type":"","overlay-color":"","overlay-opacity":"","overlay-gradient":""}},"ast-content-background-meta":{"desktop":{"background-color":"var(--ast-global-color-5)","background-image":"","background-repeat":"repeat","background-position":"center center","background-size":"auto","background-attachment":"scroll","background-type":"","background-media":"","overlay-type":"","overlay-color":"","overlay-opacity":"","overlay-gradient":""},"tablet":{"background-color":"var(--ast-global-color-5)","background-image":"","background-repeat":"repeat","background-position":"center center","background-size":"auto","background-attachment":"scroll","background-type":"","background-media":"","overlay-type":"","overlay-color":"","overlay-opacity":"","overlay-gradient":""},"mobile":{"background-color":"var(--ast-global-color-5)","background-image":"","background-repeat":"repeat","background-position":"center center","background-size":"auto","background-attachment":"scroll","background-type":"","background-media":"","overlay-type":"","overlay-color":"","overlay-opacity":"","overlay-gradient":""}},"_joinchat":[]},"product_brand":[],"product_cat":[23,33],"product_tag":[],"class_list":{"0":"post-956","1":"product","2":"type-product","3":"status-publish","4":"has-post-thumbnail","6":"product_cat-herramientas","7":"product_cat-power-tools","8":"desktop-align-left","9":"tablet-align-left","10":"mobile-align-left","12":"first","13":"instock","14":"sale","15":"taxable","16":"shipping-taxable","17":"purchasable","18":"product-type-simple"},"jetpack_sharing_enabled":true,"_links":{"self":[{"href":"https:\/\/costaofertasuy.com\/index.php\/wp-json\/wp\/v2\/product\/956","targetHints":{"allow":["GET"]}}],"collection":[{"href":"https:\/\/costaofertasuy.com\/index.php\/wp-json\/wp\/v2\/product"}],"about":[{"href":"https:\/\/costaofertasuy.com\/index.php\/wp-json\/wp\/v2\/types\/product"}],"wp:featuredmedia":[{"embeddable":true,"href":"https:\/\/costaofertasuy.com\/index.php\/wp-json\/wp\/v2\/media\/964"}],"wp:attachment":[{"href":"https:\/\/costaofertasuy.com\/index.php\/wp-json\/wp\/v2\/media?parent=956"}],"wp:term":[{"taxonomy":"product_brand","embeddable":true,"href":"https:\/\/costaofertasuy.com\/index.php\/wp-json\/wp\/v2\/product_brand?post=956"},{"taxonomy":"product_cat","embeddable":true,"href":"https:\/\/costaofertasuy.com\/index.php\/wp-json\/wp\/v2\/product_cat?post=956"},{"taxonomy":"product_tag","embeddable":true,"href":"https:\/\/costaofertasuy.com\/index.php\/wp-json\/wp\/v2\/product_tag?post=956"}],"curies":[{"name":"wp","href":"https:\/\/api.w.org\/{rel}","templated":true}]}}